{"id":165,"date":"2023-01-31T20:09:18","date_gmt":"2023-01-31T20:09:18","guid":{"rendered":"http:\/\/virus-website.test\/credits-et-references\/"},"modified":"2023-03-27T16:40:35","modified_gmt":"2023-03-27T16:40:35","slug":"credits-et-references","status":"publish","type":"page","link":"https:\/\/pandemicexhibit.ca\/fr\/credits-et-references\/","title":{"rendered":"Cr\u00e9dits et r\u00e9f\u00e9rences"},"content":{"rendered":"\n<h2 class=\"wp-block-heading\">Cr\u00e9dits<\/h2>\n\n\n\n<h3 class=\"wp-block-heading\">Recherche et R\u00e9daction<\/h3>\n\n\n\n<p>Paula Kelly<br>Jim Smith<br>Heritage Winnipeg<br>Pattern Interactive<\/p>\n\n\n\n<h3 class=\"wp-block-heading\">Photos<\/h3>\n\n\n\n<p>Heritage Winnipeg Archives<br>Center for Disease Control and Prevention (CDC) Library<br>Hudson Bay Archives, Provincial Archives of Manitoba<br><a href=\"http:\/\/pastforward.winnipeg.ca%0A\">http:\/\/pastforward.winnipeg.ca<br><\/a><a href=\"https:\/\/winnipeginfocus.winnipeg.ca%0A\">https:\/\/winnipeginfocus.winnipeg.ca<br><\/a>Wikimedia Commons<br>United Church of Canada Archives<br>DiscoverIT<\/p>\n\n\n\n<h2 class=\"wp-block-heading\">R\u00e9f\u00e9rences<\/h2>\n\n\n\n<h3 class=\"wp-block-heading\">R\u00e9f\u00e9rences Num\u00e9riques<\/h3>\n\n\n\n<p><a href=\"https:\/\/www.weforum.org\/agenda\/2020\/03\/a-visual-history-of-pandemics\">https:\/\/www.weforum.org\/agenda\/2020\/03\/a-visual-history-of-pandemics<\/a><br><a href=\"https:\/\/www.frontiersin.org\/articles\/10.3389\/fmicb.2020.631736\/full\">https:\/\/www.frontiersin.org\/articles\/10.3389\/fmicb.2020.631736\/full<\/a><br><a href=\"https:\/\/jordanjettblog.wordpress.com\/2013\/12\/12\/the-inevitability-of-the-peloponnesian-war\/\">https:\/\/jordanjettblog.wordpress.com\/2013\/12\/12\/the-inevitability-of-the-peloponnesian-war\/<\/a><br><a href=\"https:\/\/searchinginhistory.blogspot.com\/2014\/08\/antonine-plaguethe-end-of-pax-romana.html\">https:\/\/searchinginhistory.blogspot.com\/2014\/08\/antonine-plaguethe-end-of-pax-romana.html<\/a><br><a href=\"https:\/\/www.worldhistory.org\/article\/992\/plague-of-cyprian-250-270-ce\/\">https:\/\/www.worldhistory.org\/article\/992\/plague-of-cyprian-250-270-ce\/<\/a><br><a href=\"https:\/\/time.com\/2889604\/egypt-plague\/\">https:\/\/time.com\/2889604\/egypt-plague\/<\/a><br><a href=\"https:\/\/www.worldhistory.org\/article\/782\/justinians-plague-541-542-ce\/\">https:\/\/www.worldhistory.org\/article\/782\/justinians-plague-541-542-ce\/<\/a><br><a href=\"https:\/\/projectarchaeology.org\/2020\/10\/16\/pandemics-of-the-past-leprosy\/\">https:\/\/projectarchaeology.org\/2020\/10\/16\/pandemics-of-the-past-leprosy\/<\/a><br><a href=\"https:\/\/www.britannica.com\/science\/leprosy\/History\">https:\/\/www.britannica.com\/science\/leprosy\/History<\/a><br><a href=\"https:\/\/www.nationalgeographic.com\/science\/article\/the-plague\">https:\/\/www.nationalgeographic.com\/science\/article\/the-plague<\/a><br><a href=\"https:\/\/www.cs.mcgill.ca\/~rwest\/wikispeedia\/wpcd\/wp\/b\/Black_Death.htm\">https:\/\/www.cs.mcgill.ca\/~rwest\/wikispeedia\/wpcd\/wp\/b\/Black_Death.htm<\/a><br><a href=\"https:\/\/www.history.com\/topics\/middle-ages\/black-death\">https:\/\/www.history.com\/topics\/middle-ages\/black-death<\/a><br><a href=\"https:\/\/www.britannica.com\/science\/leprosy\/History\">https:\/\/www.britannica.com\/science\/leprosy\/History<\/a><br><a href=\"https:\/\/www.worldhistory.org\/Columbian_Exchange\/\">https:\/\/www.worldhistory.org\/Columbian_Exchange\/<\/a><br><a href=\"https:\/\/www.nationalarchives.gov.uk\/education\/resources\/great-plague\/\">https:\/\/www.nationalarchives.gov.uk\/education\/resources\/great-plague\/<\/a><br><a href=\"https:\/\/www.history.com\/topics\/inventions\/history-of-cholera\">https:\/\/www.history.com\/topics\/inventions\/history-of-cholera<\/a><br><a href=\"https:\/\/royalsociety.org\/blog\/2019\/04\/third-plague-pandemic-europe\/\">https:\/\/royalsociety.org\/blog\/2019\/04\/third-plague-pandemic-europe\/<\/a><br><a href=\"https:\/\/www.sciencedirect.com\/science\/article\/pii\/S0755498222000045\">https:\/\/www.sciencedirect.com\/science\/article\/pii\/S0755498222000045<\/a><br><a href=\"https:\/\/www.history.com\/topics\/world-war-i\/1918-flu-pandemic\">https:\/\/www.history.com\/topics\/world-war-i\/1918-flu-pandemic<\/a><br><a href=\"https:\/\/bjgp.org\/content\/59\/565\/622\">https:\/\/bjgp.org\/content\/59\/565\/622<\/a><br><a href=\"https:\/\/www.healthline.com\/health\/hiv-aids\/history#the-cultural-response\">https:\/\/www.healthline.com\/health\/hiv-aids\/history#the-cultural-response<\/a><br><a href=\"https:\/\/aac.org\/wp-content\/uploads\/com2484_AIDSmilestones_v1.pdf\">https:\/\/aac.org\/wp-content\/uploads\/com2484_AIDSmilestones_v1.pdf<\/a><br><a href=\"https:\/\/ipac-canada.org\/sars\">https:\/\/ipac-canada.org\/sars<\/a><br><a href=\"https:\/\/www.cdc.gov\/sars\/about\/fs-sars.html\">https:\/\/www.cdc.gov\/sars\/about\/fs-sars.html<\/a><br><a href=\"https:\/\/www.ncbi.nlm.nih.gov\/pmc\/articles\/PMC2850175\/\">https:\/\/www.ncbi.nlm.nih.gov\/pmc\/articles\/PMC2850175\/<\/a><br><a href=\"https:\/\/www.cnn.com\/2019\/11\/23\/asia\/plague-china-history-intl-hnk-scli\">https:\/\/www.cnn.com\/2019\/11\/23\/asia\/plague-china-history-intl-hnk-scli<\/a><br><a href=\"https:\/\/heritagewinnipeg.com\/blogs\/borrowed-buildings-treating-the-1918-influenza-epidemic\/\">https:\/\/heritagewinnipeg.com\/blogs\/borrowed-buildings-treating-the-1918-influenza-epidemic\/<\/a><br><a href=\"https:\/\/downtownwinnipegbiz.com\/wp-content\/uploads\/2021\/07\/DWB_State-of-Downtown-report_July-2021-low-res.pdf\">https:\/\/downtownwinnipegbiz.com\/wp-content\/uploads\/2021\/07\/DWB_State-of-Downtown-report_July-2021-low-res.pdf<\/a><br><a href=\"https:\/\/downtownwinnipegbiz.com\/wp-content\/uploads\/2021\/10\/DRS-Framework-Final-October-2021.pdf\">https:\/\/downtownwinnipegbiz.com\/wp-content\/uploads\/2021\/10\/DRS-Framework-Final-October-2021.pdf<\/a><br><a href=\"https:\/\/www.sac-isc.gc.ca\/eng\/1598625105013\/1598625167707#chp05\">https:\/\/www.sac-isc.gc.ca\/eng\/1598625105013\/1598625167707#chp05<\/a><br><a href=\"https:\/\/www.ncbi.nlm.nih.gov\/pmc\/articles\/PMC340389\/\">https:\/\/www.ncbi.nlm.nih.gov\/pmc\/articles\/PMC340389\/<\/a><\/p>\n\n\n\n<h3 class=\"wp-block-heading\">Livres et articles hors ligne<\/h3>\n\n\n\n<p><a href=\"https:\/\/uofmpress.ca\/books\/detail\/covid-19-in-manitoba%0A\">https:\/\/uofmpress.ca\/books\/detail\/covid-19-in-manitoba<br><\/a><a href=\"https:\/\/utorontopress.com\/9780802094391\/influenza-1918\/%0A\">https:\/\/utorontopress.com\/9780802094391\/influenza-1918\/<br><\/a><a href=\"https:\/\/globalnews.ca\/news\/6701383\/winnipeg-caremongering-offset-coronavirus-crisis\/%0A\">https:\/\/globalnews.ca\/news\/6701383\/winnipeg-caremongering-offset-coronavirus-crisis\/<br><\/a><a href=\"https:\/\/winnipeg.ctvnews.ca\/manitoba-doctor-warns-of-overwhelmed-hospitals-calls-for-government-help-1.6124337%0A\">https:\/\/winnipeg.ctvnews.ca\/manitoba-doctor-warns-of-overwhelmed-hospitals-calls-for-government-help-1.6124337<br><\/a><a href=\"https:\/\/www.jstor.org\/stable\/3536979\">https:\/\/www.jstor.org\/stable\/3536979<\/a> Herring D.A. \u201cThere Were Young People and Old People and Babies Dying Every Week\u201d: The 1918-1919 Influenza Pandemic at Norway House. Ethnohistory. 1994;41(1):73-105.<br><a href=\"https:\/\/definingmomentscanada.ca\/1918-influenza-pandemic\/history\/no-room-at-the-inn\/\">https:\/\/definingmomentscanada.ca\/1918-influenza-pandemic\/history\/no-room-at-the-inn\/<\/a><br><a href=\"https:\/\/activehistory.ca\/2020\/03\/the-distance-between-us-the-implications-of-pandemic-influenza-in-1918-1919\/\">https:\/\/activehistory.ca\/2020\/03\/the-distance-between-us-the-implications-of-pandemic-influenza-in-1918-1919\/<\/a><br>&lsquo;Atlas of World Population History&rsquo; by Colin McEvedy and Richard Jones, published by Penguin Books 1978<br>&lsquo;Flu&rsquo; The Story of the Great Influenza of 1918 and the Search for the Virus that caused it&rsquo; by Gina Kolata, published by Touchstone 1999<br>&lsquo;Pandemic 1918&rsquo; by Catharine Arnold published by St Martin&rsquo;s Griffin 2018<\/p>\n\n\n\n<h3 class=\"wp-block-heading\">Ressources<\/h3>\n\n\n\n<p>University of Manitoba Libraries; Archives &amp; Special Collections Tribune Archives<br>Winnipeg Free Press Archives<br>Manitoba Keewatinowi Okimakanak Inc.<\/p>\n\n\n\n<h3 class=\"wp-block-heading\">\u00e9ditions<\/h3>\n\n\n\n<p>Jones, Esyllt W., Influenza 1918: Disease, Death, and Struggle in Winnipeg,University of Toronto Press, 2007<br>Pettigrew, Eileen, The Silent Enemy: Canada and the Deadly Flu of 1918, Western Producer Prairie Books, Saskatoon, SK<\/p>\n","protected":false},"excerpt":{"rendered":"<p>Cr\u00e9dits Recherche et R\u00e9daction Paula KellyJim SmithHeritage WinnipegPattern Interactive Photos Heritage Winnipeg ArchivesCenter for Disease Control and Prevention (CDC) LibraryHudson Bay Archives, Provincial Archives of Manitobahttp:\/\/pastforward.winnipeg.cahttps:\/\/winnipeginfocus.winnipeg.caWikimedia CommonsUnited Church of Canada ArchivesDiscoverIT R\u00e9f\u00e9rences R\u00e9f\u00e9rences Num\u00e9riques https:\/\/www.weforum.org\/agenda\/2020\/03\/a-visual-history-of-pandemicshttps:\/\/www.frontiersin.org\/articles\/10.3389\/fmicb.2020.631736\/fullhttps:\/\/jordanjettblog.wordpress.com\/2013\/12\/12\/the-inevitability-of-the-peloponnesian-war\/https:\/\/searchinginhistory.blogspot.com\/2014\/08\/antonine-plaguethe-end-of-pax-romana.htmlhttps:\/\/www.worldhistory.org\/article\/992\/plague-of-cyprian-250-270-ce\/https:\/\/time.com\/2889604\/egypt-plague\/https:\/\/www.worldhistory.org\/article\/782\/justinians-plague-541-542-ce\/https:\/\/projectarchaeology.org\/2020\/10\/16\/pandemics-of-the-past-leprosy\/https:\/\/www.britannica.com\/science\/leprosy\/Historyhttps:\/\/www.nationalgeographic.com\/science\/article\/the-plaguehttps:\/\/www.cs.mcgill.ca\/~rwest\/wikispeedia\/wpcd\/wp\/b\/Black_Death.htmhttps:\/\/www.history.com\/topics\/middle-ages\/black-deathhttps:\/\/www.britannica.com\/science\/leprosy\/Historyhttps:\/\/www.worldhistory.org\/Columbian_Exchange\/https:\/\/www.nationalarchives.gov.uk\/education\/resources\/great-plague\/https:\/\/www.history.com\/topics\/inventions\/history-of-cholerahttps:\/\/royalsociety.org\/blog\/2019\/04\/third-plague-pandemic-europe\/https:\/\/www.sciencedirect.com\/science\/article\/pii\/S0755498222000045https:\/\/www.history.com\/topics\/world-war-i\/1918-flu-pandemichttps:\/\/bjgp.org\/content\/59\/565\/622https:\/\/www.healthline.com\/health\/hiv-aids\/history#the-cultural-responsehttps:\/\/aac.org\/wp-content\/uploads\/com2484_AIDSmilestones_v1.pdfhttps:\/\/ipac-canada.org\/sarshttps:\/\/www.cdc.gov\/sars\/about\/fs-sars.htmlhttps:\/\/www.ncbi.nlm.nih.gov\/pmc\/articles\/PMC2850175\/https:\/\/www.cnn.com\/2019\/11\/23\/asia\/plague-china-history-intl-hnk-sclihttps:\/\/heritagewinnipeg.com\/blogs\/borrowed-buildings-treating-the-1918-influenza-epidemic\/https:\/\/downtownwinnipegbiz.com\/wp-content\/uploads\/2021\/07\/DWB_State-of-Downtown-report_July-2021-low-res.pdfhttps:\/\/downtownwinnipegbiz.com\/wp-content\/uploads\/2021\/10\/DRS-Framework-Final-October-2021.pdfhttps:\/\/www.sac-isc.gc.ca\/eng\/1598625105013\/1598625167707#chp05https:\/\/www.ncbi.nlm.nih.gov\/pmc\/articles\/PMC340389\/ Livres et articles hors ligne https:\/\/uofmpress.ca\/books\/detail\/covid-19-in-manitobahttps:\/\/utorontopress.com\/9780802094391\/influenza-1918\/https:\/\/globalnews.ca\/news\/6701383\/winnipeg-caremongering-offset-coronavirus-crisis\/https:\/\/winnipeg.ctvnews.ca\/manitoba-doctor-warns-of-overwhelmed-hospitals-calls-for-government-help-1.6124337https:\/\/www.jstor.org\/stable\/3536979 Herring D.A. \u201cThere Were Young People and Old People and Babies Dying Every Week\u201d: [&hellip;]<\/p>\n","protected":false},"author":1,"featured_media":0,"parent":0,"menu_order":0,"comment_status":"closed","ping_status":"closed","template":"page-references.php","meta":{"inline_featured_image":false,"footnotes":""},"class_list":["post-165","page","type-page","status-publish","hentry"],"acf":[],"yoast_head":"<!-- This site is optimized with the Yoast SEO plugin v20.4 - https:\/\/yoast.com\/wordpress\/plugins\/seo\/ -->\n<title>Cr\u00e9dits et r\u00e9f\u00e9rences - VIRUS<\/title>\n<meta name=\"robots\" content=\"index, follow, max-snippet:-1, max-image-preview:large, max-video-preview:-1\" \/>\n<link rel=\"canonical\" href=\"https:\/\/pandemicexhibit.ca\/fr\/credits-et-references\/\" \/>\n<meta property=\"og:locale\" content=\"fr_FR\" \/>\n<meta property=\"og:type\" content=\"article\" \/>\n<meta property=\"og:title\" content=\"Cr\u00e9dits et r\u00e9f\u00e9rences - VIRUS\" \/>\n<meta property=\"og:description\" content=\"Cr\u00e9dits Recherche et R\u00e9daction Paula KellyJim SmithHeritage WinnipegPattern Interactive Photos Heritage Winnipeg ArchivesCenter for Disease Control and Prevention (CDC) LibraryHudson Bay Archives, Provincial Archives of Manitobahttp:\/\/pastforward.winnipeg.cahttps:\/\/winnipeginfocus.winnipeg.caWikimedia CommonsUnited Church of Canada ArchivesDiscoverIT R\u00e9f\u00e9rences R\u00e9f\u00e9rences Num\u00e9riques https:\/\/www.weforum.org\/agenda\/2020\/03\/a-visual-history-of-pandemicshttps:\/\/www.frontiersin.org\/articles\/10.3389\/fmicb.2020.631736\/fullhttps:\/\/jordanjettblog.wordpress.com\/2013\/12\/12\/the-inevitability-of-the-peloponnesian-war\/https:\/\/searchinginhistory.blogspot.com\/2014\/08\/antonine-plaguethe-end-of-pax-romana.htmlhttps:\/\/www.worldhistory.org\/article\/992\/plague-of-cyprian-250-270-ce\/https:\/\/time.com\/2889604\/egypt-plague\/https:\/\/www.worldhistory.org\/article\/782\/justinians-plague-541-542-ce\/https:\/\/projectarchaeology.org\/2020\/10\/16\/pandemics-of-the-past-leprosy\/https:\/\/www.britannica.com\/science\/leprosy\/Historyhttps:\/\/www.nationalgeographic.com\/science\/article\/the-plaguehttps:\/\/www.cs.mcgill.ca\/~rwest\/wikispeedia\/wpcd\/wp\/b\/Black_Death.htmhttps:\/\/www.history.com\/topics\/middle-ages\/black-deathhttps:\/\/www.britannica.com\/science\/leprosy\/Historyhttps:\/\/www.worldhistory.org\/Columbian_Exchange\/https:\/\/www.nationalarchives.gov.uk\/education\/resources\/great-plague\/https:\/\/www.history.com\/topics\/inventions\/history-of-cholerahttps:\/\/royalsociety.org\/blog\/2019\/04\/third-plague-pandemic-europe\/https:\/\/www.sciencedirect.com\/science\/article\/pii\/S0755498222000045https:\/\/www.history.com\/topics\/world-war-i\/1918-flu-pandemichttps:\/\/bjgp.org\/content\/59\/565\/622https:\/\/www.healthline.com\/health\/hiv-aids\/history#the-cultural-responsehttps:\/\/aac.org\/wp-content\/uploads\/com2484_AIDSmilestones_v1.pdfhttps:\/\/ipac-canada.org\/sarshttps:\/\/www.cdc.gov\/sars\/about\/fs-sars.htmlhttps:\/\/www.ncbi.nlm.nih.gov\/pmc\/articles\/PMC2850175\/https:\/\/www.cnn.com\/2019\/11\/23\/asia\/plague-china-history-intl-hnk-sclihttps:\/\/heritagewinnipeg.com\/blogs\/borrowed-buildings-treating-the-1918-influenza-epidemic\/https:\/\/downtownwinnipegbiz.com\/wp-content\/uploads\/2021\/07\/DWB_State-of-Downtown-report_July-2021-low-res.pdfhttps:\/\/downtownwinnipegbiz.com\/wp-content\/uploads\/2021\/10\/DRS-Framework-Final-October-2021.pdfhttps:\/\/www.sac-isc.gc.ca\/eng\/1598625105013\/1598625167707#chp05https:\/\/www.ncbi.nlm.nih.gov\/pmc\/articles\/PMC340389\/ Livres et articles hors ligne https:\/\/uofmpress.ca\/books\/detail\/covid-19-in-manitobahttps:\/\/utorontopress.com\/9780802094391\/influenza-1918\/https:\/\/globalnews.ca\/news\/6701383\/winnipeg-caremongering-offset-coronavirus-crisis\/https:\/\/winnipeg.ctvnews.ca\/manitoba-doctor-warns-of-overwhelmed-hospitals-calls-for-government-help-1.6124337https:\/\/www.jstor.org\/stable\/3536979 Herring D.A. \u201cThere Were Young People and Old People and Babies Dying Every Week\u201d: [&hellip;]\" \/>\n<meta property=\"og:url\" content=\"https:\/\/pandemicexhibit.ca\/fr\/credits-et-references\/\" \/>\n<meta property=\"og:site_name\" content=\"VIRUS\" \/>\n<meta property=\"article:modified_time\" content=\"2023-03-27T16:40:35+00:00\" \/>\n<meta name=\"twitter:card\" content=\"summary_large_image\" \/>\n<meta name=\"twitter:label1\" content=\"Dur\u00e9e de lecture estim\u00e9e\" \/>\n\t<meta name=\"twitter:data1\" content=\"2 minutes\" \/>\n<script type=\"application\/ld+json\" class=\"yoast-schema-graph\">{\"@context\":\"https:\/\/schema.org\",\"@graph\":[{\"@type\":\"WebPage\",\"@id\":\"https:\/\/pandemicexhibit.ca\/fr\/credits-et-references\/\",\"url\":\"https:\/\/pandemicexhibit.ca\/fr\/credits-et-references\/\",\"name\":\"Cr\u00e9dits et r\u00e9f\u00e9rences - VIRUS\",\"isPartOf\":{\"@id\":\"https:\/\/pandemicexhibit.ca\/#website\"},\"datePublished\":\"2023-01-31T20:09:18+00:00\",\"dateModified\":\"2023-03-27T16:40:35+00:00\",\"breadcrumb\":{\"@id\":\"https:\/\/pandemicexhibit.ca\/fr\/credits-et-references\/#breadcrumb\"},\"inLanguage\":\"fr-FR\",\"potentialAction\":[{\"@type\":\"ReadAction\",\"target\":[\"https:\/\/pandemicexhibit.ca\/fr\/credits-et-references\/\"]}]},{\"@type\":\"BreadcrumbList\",\"@id\":\"https:\/\/pandemicexhibit.ca\/fr\/credits-et-references\/#breadcrumb\",\"itemListElement\":[{\"@type\":\"ListItem\",\"position\":1,\"name\":\"Home\",\"item\":\"https:\/\/pandemicexhibit.ca\/fr\/\"},{\"@type\":\"ListItem\",\"position\":2,\"name\":\"Cr\u00e9dits et r\u00e9f\u00e9rences\"}]},{\"@type\":\"WebSite\",\"@id\":\"https:\/\/pandemicexhibit.ca\/#website\",\"url\":\"https:\/\/pandemicexhibit.ca\/\",\"name\":\"VIRUS\",\"description\":\"Making &amp; Breaking the Pandemic\",\"potentialAction\":[{\"@type\":\"SearchAction\",\"target\":{\"@type\":\"EntryPoint\",\"urlTemplate\":\"https:\/\/pandemicexhibit.ca\/?s={search_term_string}\"},\"query-input\":\"required name=search_term_string\"}],\"inLanguage\":\"fr-FR\"}]}<\/script>\n<!-- \/ Yoast SEO plugin. -->","yoast_head_json":{"title":"Cr\u00e9dits et r\u00e9f\u00e9rences - VIRUS","robots":{"index":"index","follow":"follow","max-snippet":"max-snippet:-1","max-image-preview":"max-image-preview:large","max-video-preview":"max-video-preview:-1"},"canonical":"https:\/\/pandemicexhibit.ca\/fr\/credits-et-references\/","og_locale":"fr_FR","og_type":"article","og_title":"Cr\u00e9dits et r\u00e9f\u00e9rences - VIRUS","og_description":"Cr\u00e9dits Recherche et R\u00e9daction Paula KellyJim SmithHeritage WinnipegPattern Interactive Photos Heritage Winnipeg ArchivesCenter for Disease Control and Prevention (CDC) LibraryHudson Bay Archives, Provincial Archives of Manitobahttp:\/\/pastforward.winnipeg.cahttps:\/\/winnipeginfocus.winnipeg.caWikimedia CommonsUnited Church of Canada ArchivesDiscoverIT R\u00e9f\u00e9rences R\u00e9f\u00e9rences Num\u00e9riques https:\/\/www.weforum.org\/agenda\/2020\/03\/a-visual-history-of-pandemicshttps:\/\/www.frontiersin.org\/articles\/10.3389\/fmicb.2020.631736\/fullhttps:\/\/jordanjettblog.wordpress.com\/2013\/12\/12\/the-inevitability-of-the-peloponnesian-war\/https:\/\/searchinginhistory.blogspot.com\/2014\/08\/antonine-plaguethe-end-of-pax-romana.htmlhttps:\/\/www.worldhistory.org\/article\/992\/plague-of-cyprian-250-270-ce\/https:\/\/time.com\/2889604\/egypt-plague\/https:\/\/www.worldhistory.org\/article\/782\/justinians-plague-541-542-ce\/https:\/\/projectarchaeology.org\/2020\/10\/16\/pandemics-of-the-past-leprosy\/https:\/\/www.britannica.com\/science\/leprosy\/Historyhttps:\/\/www.nationalgeographic.com\/science\/article\/the-plaguehttps:\/\/www.cs.mcgill.ca\/~rwest\/wikispeedia\/wpcd\/wp\/b\/Black_Death.htmhttps:\/\/www.history.com\/topics\/middle-ages\/black-deathhttps:\/\/www.britannica.com\/science\/leprosy\/Historyhttps:\/\/www.worldhistory.org\/Columbian_Exchange\/https:\/\/www.nationalarchives.gov.uk\/education\/resources\/great-plague\/https:\/\/www.history.com\/topics\/inventions\/history-of-cholerahttps:\/\/royalsociety.org\/blog\/2019\/04\/third-plague-pandemic-europe\/https:\/\/www.sciencedirect.com\/science\/article\/pii\/S0755498222000045https:\/\/www.history.com\/topics\/world-war-i\/1918-flu-pandemichttps:\/\/bjgp.org\/content\/59\/565\/622https:\/\/www.healthline.com\/health\/hiv-aids\/history#the-cultural-responsehttps:\/\/aac.org\/wp-content\/uploads\/com2484_AIDSmilestones_v1.pdfhttps:\/\/ipac-canada.org\/sarshttps:\/\/www.cdc.gov\/sars\/about\/fs-sars.htmlhttps:\/\/www.ncbi.nlm.nih.gov\/pmc\/articles\/PMC2850175\/https:\/\/www.cnn.com\/2019\/11\/23\/asia\/plague-china-history-intl-hnk-sclihttps:\/\/heritagewinnipeg.com\/blogs\/borrowed-buildings-treating-the-1918-influenza-epidemic\/https:\/\/downtownwinnipegbiz.com\/wp-content\/uploads\/2021\/07\/DWB_State-of-Downtown-report_July-2021-low-res.pdfhttps:\/\/downtownwinnipegbiz.com\/wp-content\/uploads\/2021\/10\/DRS-Framework-Final-October-2021.pdfhttps:\/\/www.sac-isc.gc.ca\/eng\/1598625105013\/1598625167707#chp05https:\/\/www.ncbi.nlm.nih.gov\/pmc\/articles\/PMC340389\/ Livres et articles hors ligne https:\/\/uofmpress.ca\/books\/detail\/covid-19-in-manitobahttps:\/\/utorontopress.com\/9780802094391\/influenza-1918\/https:\/\/globalnews.ca\/news\/6701383\/winnipeg-caremongering-offset-coronavirus-crisis\/https:\/\/winnipeg.ctvnews.ca\/manitoba-doctor-warns-of-overwhelmed-hospitals-calls-for-government-help-1.6124337https:\/\/www.jstor.org\/stable\/3536979 Herring D.A. \u201cThere Were Young People and Old People and Babies Dying Every Week\u201d: [&hellip;]","og_url":"https:\/\/pandemicexhibit.ca\/fr\/credits-et-references\/","og_site_name":"VIRUS","article_modified_time":"2023-03-27T16:40:35+00:00","twitter_card":"summary_large_image","twitter_misc":{"Dur\u00e9e de lecture estim\u00e9e":"2 minutes"},"schema":{"@context":"https:\/\/schema.org","@graph":[{"@type":"WebPage","@id":"https:\/\/pandemicexhibit.ca\/fr\/credits-et-references\/","url":"https:\/\/pandemicexhibit.ca\/fr\/credits-et-references\/","name":"Cr\u00e9dits et r\u00e9f\u00e9rences - VIRUS","isPartOf":{"@id":"https:\/\/pandemicexhibit.ca\/#website"},"datePublished":"2023-01-31T20:09:18+00:00","dateModified":"2023-03-27T16:40:35+00:00","breadcrumb":{"@id":"https:\/\/pandemicexhibit.ca\/fr\/credits-et-references\/#breadcrumb"},"inLanguage":"fr-FR","potentialAction":[{"@type":"ReadAction","target":["https:\/\/pandemicexhibit.ca\/fr\/credits-et-references\/"]}]},{"@type":"BreadcrumbList","@id":"https:\/\/pandemicexhibit.ca\/fr\/credits-et-references\/#breadcrumb","itemListElement":[{"@type":"ListItem","position":1,"name":"Home","item":"https:\/\/pandemicexhibit.ca\/fr\/"},{"@type":"ListItem","position":2,"name":"Cr\u00e9dits et r\u00e9f\u00e9rences"}]},{"@type":"WebSite","@id":"https:\/\/pandemicexhibit.ca\/#website","url":"https:\/\/pandemicexhibit.ca\/","name":"VIRUS","description":"Making &amp; Breaking the Pandemic","potentialAction":[{"@type":"SearchAction","target":{"@type":"EntryPoint","urlTemplate":"https:\/\/pandemicexhibit.ca\/?s={search_term_string}"},"query-input":"required name=search_term_string"}],"inLanguage":"fr-FR"}]}},"_links":{"self":[{"href":"https:\/\/pandemicexhibit.ca\/fr\/wp-json\/wp\/v2\/pages\/165","targetHints":{"allow":["GET"]}}],"collection":[{"href":"https:\/\/pandemicexhibit.ca\/fr\/wp-json\/wp\/v2\/pages"}],"about":[{"href":"https:\/\/pandemicexhibit.ca\/fr\/wp-json\/wp\/v2\/types\/page"}],"author":[{"embeddable":true,"href":"https:\/\/pandemicexhibit.ca\/fr\/wp-json\/wp\/v2\/users\/1"}],"replies":[{"embeddable":true,"href":"https:\/\/pandemicexhibit.ca\/fr\/wp-json\/wp\/v2\/comments?post=165"}],"version-history":[{"count":6,"href":"https:\/\/pandemicexhibit.ca\/fr\/wp-json\/wp\/v2\/pages\/165\/revisions"}],"predecessor-version":[{"id":195,"href":"https:\/\/pandemicexhibit.ca\/fr\/wp-json\/wp\/v2\/pages\/165\/revisions\/195"}],"wp:attachment":[{"href":"https:\/\/pandemicexhibit.ca\/fr\/wp-json\/wp\/v2\/media?parent=165"}],"curies":[{"name":"wp","href":"https:\/\/api.w.org\/{rel}","templated":true}]}}